{"id":12043,"date":"2019-01-09T13:20:33","date_gmt":"2019-01-09T13:20:33","guid":{"rendered":"https:\/\/freestudio.com.br\/home\/?page_id=12043"},"modified":"2023-10-02T14:59:49","modified_gmt":"2023-10-02T17:59:49","slug":"blog","status":"publish","type":"page","link":"https:\/\/freestudio.com.br\/home\/blog\/","title":{"rendered":"Blog"},"content":{"rendered":"<section class=\"wpb-content-wrapper\"><p>[vc_row][vc_column]<div class=\"dt-sc-posts-list-wrapper  \" data-delay=\"0\"><div class='tpl-blog-holder '><div class='grid-sizer column dt-sc-one-column dt-sc-post-entry entry-list-layout dt-sc-boxed-style entry-left-thumb dt-sc-scalein-hover  '><\/div><div class=\"column dt-sc-one-column dt-sc-post-entry entry-list-layout dt-sc-boxed-style entry-left-thumb dt-sc-scalein-hover   first\"><article id=\"post-19995\" class=\"blog-entry format-standard post-19995 post type-post status-publish format-image has-post-thumbnail hentry category-curiosidades tag-baixo tag-baritono tag-soprano tag-tipos-de-voz tag-vocalizacao post_format-post-format-image\">\t\t\t<!-- Featured Image -->\r\n\t\t\t<div class=\"entry-thumb\">\r\n            \t<div class=\"blog-image\">\r\n\t\t\t\t\t\r\n\t\t<a style=background-image:url(https:\/\/freestudio.com.br\/home\/wp-content\/uploads\/2023\/10\/tipos-de-voz.jpg) href=\"https:\/\/freestudio.com.br\/home\/quais-os-tipos-de-voz\/\" title=\"Permalink to Quais os tipos de voz?\"><\/a>                <\/div>\t\t\t<\/div><!-- Featured Image -->\r\n        <!-- Entry Title -->\r\n        <div class=\"entry-title\">\r\n        \t\r\n\t<h4>\r\n\t        \t<a href=\"https:\/\/freestudio.com.br\/home\/quais-os-tipos-de-voz\/\" title=\"Permalink to Quais os tipos de voz?\">Quais os tipos de voz?<\/a>\r\n\t<\/h4>        <\/div><!-- Entry Title -->\r\n\t<div class=\"entry-body\"><p>Os tipos de voz, como soprano, contralto, tenor, bar\u00edtono, baixo, meio-soprano e bar\u00edtono baixo,...<\/p><\/div><!-- Entry Button --><div class=\"entry-button\"><a href=\"https:\/\/freestudio.com.br\/home\/quais-os-tipos-de-voz\/\" title=\"Quais os tipos de voz?\" class=\"dt-sc-button\">Saiba Mais<span class=\"fas fa-angle-right\"><\/span><\/a><\/div><!-- Entry Button --><\/article><\/div><div class=\"column dt-sc-one-column dt-sc-post-entry entry-list-layout dt-sc-boxed-style entry-left-thumb dt-sc-scalein-hover   first\"><article id=\"post-19992\" class=\"blog-entry format-standard post-19992 post type-post status-publish format-image has-post-thumbnail hentry category-curiosidades tag-aprender-um-instrumento tag-dificil tag-instrumento tag-nivel-de-dificuldade post_format-post-format-image\">\t\t\t<!-- Featured Image -->\r\n\t\t\t<div class=\"entry-thumb\">\r\n            \t<div class=\"blog-image\">\r\n\t\t\t\t\t\r\n\t\t<a style=background-image:url(https:\/\/freestudio.com.br\/home\/wp-content\/uploads\/2023\/10\/dificuldade-instrumento.jpg) href=\"https:\/\/freestudio.com.br\/home\/qual-o-instrumento-mais-dificil-de-tocar\/\" title=\"Permalink to Qual o instrumento mais dif\u00edcil de tocar?\"><\/a>                <\/div>\t\t\t<\/div><!-- Featured Image -->\r\n        <!-- Entry Title -->\r\n        <div class=\"entry-title\">\r\n        \t\r\n\t<h4>\r\n\t        \t<a href=\"https:\/\/freestudio.com.br\/home\/qual-o-instrumento-mais-dificil-de-tocar\/\" title=\"Permalink to Qual o instrumento mais dif\u00edcil de tocar?\">Qual o instrumento mais dif\u00edcil de tocar?<\/a>\r\n\t<\/h4>        <\/div><!-- Entry Title -->\r\n\t<div class=\"entry-body\"><p>A dificuldade de tocar um instrumento \u00e9 subjetiva e varia de acordo com a...<\/p><\/div><!-- Entry Button --><div class=\"entry-button\"><a href=\"https:\/\/freestudio.com.br\/home\/qual-o-instrumento-mais-dificil-de-tocar\/\" title=\"Qual o instrumento mais dif\u00edcil de tocar?\" class=\"dt-sc-button\">Saiba Mais<span class=\"fas fa-angle-right\"><\/span><\/a><\/div><!-- Entry Button --><\/article><\/div><div class=\"column dt-sc-one-column dt-sc-post-entry entry-list-layout dt-sc-boxed-style entry-left-thumb dt-sc-scalein-hover   first\"><article id=\"post-19989\" class=\"blog-entry format-standard post-19989 post type-post status-publish format-image has-post-thumbnail hentry category-curiosidades tag-curiosidades tag-historia-da-musica tag-surgimento-da-musica post_format-post-format-image\">\t\t\t<!-- Featured Image -->\r\n\t\t\t<div class=\"entry-thumb\">\r\n            \t<div class=\"blog-image\">\r\n\t\t\t\t\t\r\n\t\t<a style=background-image:url(https:\/\/freestudio.com.br\/home\/wp-content\/uploads\/2023\/10\/surgimento-musica.jpg) href=\"https:\/\/freestudio.com.br\/home\/como-surgiu-a-musica\/\" title=\"Permalink to Como surgiu a m\u00fasica?\"><\/a>                <\/div>\t\t\t<\/div><!-- Featured Image -->\r\n        <!-- Entry Title -->\r\n        <div class=\"entry-title\">\r\n        \t\r\n\t<h4>\r\n\t        \t<a href=\"https:\/\/freestudio.com.br\/home\/como-surgiu-a-musica\/\" title=\"Permalink to Como surgiu a m\u00fasica?\">Como surgiu a m\u00fasica?<\/a>\r\n\t<\/h4>        <\/div><!-- Entry Title -->\r\n\t<div class=\"entry-body\"><p>As primeiras manifesta\u00e7\u00f5es musicais provavelmente envolviam vocaliza\u00e7\u00f5es e sons produzidos por instrumentos primitivos, como...<\/p><\/div><!-- Entry Button --><div class=\"entry-button\"><a href=\"https:\/\/freestudio.com.br\/home\/como-surgiu-a-musica\/\" title=\"Como surgiu a m\u00fasica?\" class=\"dt-sc-button\">Saiba Mais<span class=\"fas fa-angle-right\"><\/span><\/a><\/div><!-- Entry Button --><\/article><\/div><\/div><div class=\"pagination blog-pagination\"><\/div><\/div>[\/vc_column][\/vc_row]<\/p>\n<\/section>","protected":false},"excerpt":{"rendered":"<p>[vc_row][vc_column][\/vc_column][\/vc_row]<\/p>\n","protected":false},"author":1,"featured_media":0,"parent":0,"menu_order":0,"comment_status":"closed","ping_status":"closed","template":"","meta":{"footnotes":"","_joinchat":[]},"_links":{"self":[{"href":"https:\/\/freestudio.com.br\/home\/wp-json\/wp\/v2\/pages\/12043"}],"collection":[{"href":"https:\/\/freestudio.com.br\/home\/wp-json\/wp\/v2\/pages"}],"about":[{"href":"https:\/\/freestudio.com.br\/home\/wp-json\/wp\/v2\/types\/page"}],"author":[{"embeddable":true,"href":"https:\/\/freestudio.com.br\/home\/wp-json\/wp\/v2\/users\/1"}],"replies":[{"embeddable":true,"href":"https:\/\/freestudio.com.br\/home\/wp-json\/wp\/v2\/comments?post=12043"}],"version-history":[{"count":4,"href":"https:\/\/freestudio.com.br\/home\/wp-json\/wp\/v2\/pages\/12043\/revisions"}],"predecessor-version":[{"id":19857,"href":"https:\/\/freestudio.com.br\/home\/wp-json\/wp\/v2\/pages\/12043\/revisions\/19857"}],"wp:attachment":[{"href":"https:\/\/freestudio.com.br\/home\/wp-json\/wp\/v2\/media?parent=12043"}],"curies":[{"name":"wp","href":"https:\/\/api.w.org\/{rel}","templated":true}]}}