{"id":20080,"date":"2025-07-04T11:10:28","date_gmt":"2025-07-04T14:10:28","guid":{"rendered":"https:\/\/freestudio.com.br\/home\/?page_id=20080"},"modified":"2025-07-07T11:26:50","modified_gmt":"2025-07-07T14:26:50","slug":"instituto-casa-de-cultura","status":"publish","type":"page","link":"https:\/\/freestudio.com.br\/home\/instituto-casa-de-cultura\/","title":{"rendered":"Instituto Casa de Cultura"},"content":{"rendered":"<section class=\"wpb-content-wrapper\"><p>[vc_row][vc_column width=&#8221;1\/2&#8243;][vc_single_image image=&#8221;20017&#8243; img_size=&#8221;full&#8221; alignment=&#8221;center&#8221;][\/vc_column][vc_column width=&#8221;1\/2&#8243;]<h2 class=\"without-bottom-space \" data-delay='0'>Instituto <strong> Casa de Cultura<\/strong><\/h2><div id=\"1696207949687-fecc61ae-eae0\" class=\"dt-sc-empty-space\"><\/div>[vc_column_text]Somos o Instituto Casa de Cultura, uma Organiza\u00e7\u00e3o da Sociedade Civil que acredita no poder transformador da arte.<\/p>\n<p>Somos educadores, artistas, agentes culturais e sonhadores comprometidos com a constru\u00e7\u00e3o de um mundo mais justo, criativo e humano.<\/p>\n<p>Nossa casa \u00e9 viva porque pulsa cultura, afeto e pertencimento.<br \/>\nTrabalhamos todos os dias para que a arte chegue a quem precisa \u2013 como direito, como express\u00e3o, como caminho.<\/p>\n<p>Somos uma casa onde vidas se encontram e se transformam\u00a0pela\u00a0cultura.[\/vc_column_text][\/vc_column][\/vc_row][vc_row][vc_column width=&#8221;1\/2&#8243;]<h2 class=\"without-bottom-space \" data-delay='0'>Nossa <strong>Miss\u00e3o<\/strong><\/h2><div id=\"1751638305228-993edbb5-8b8c\" class=\"dt-sc-empty-space\"><\/div>[vc_column_text]Fomentar o acesso \u00e0 arte e \u00e0 cultura como instrumentos de transforma\u00e7\u00e3o social, inclus\u00e3o e desenvolvimento comunit\u00e1rio.[\/vc_column_text]<div id=\"1697981995077-29a24f72-4574\" class=\"dt-sc-empty-space\"><\/div><div id=\"1751638314497-9e3f129a-4c8f\" class=\"dt-sc-empty-space\"><\/div><h2 class=\"without-bottom-space \" data-delay='0'>Nossa <strong>Vis\u00e3o<\/strong><\/h2><div id=\"1751638307571-78e0e8d8-2f61\" class=\"dt-sc-empty-space\"><\/div>[vc_column_text]Ser uma refer\u00eancia em a\u00e7\u00f5es culturais que fortalecem a cidadania, a diversidade e o protagonismo de comunidades, contribuindo para uma sociedade mais justa, criativa e solid\u00e1ria.[\/vc_column_text][\/vc_column][vc_column width=&#8221;1\/2&#8243;][vc_single_image image=&#8221;20020&#8243; img_size=&#8221;full&#8221; alignment=&#8221;center&#8221;][\/vc_column][\/vc_row][vc_row equal_height=&#8221;yes&#8221; content_placement=&#8221;middle&#8221; bg_type=&#8221;image&#8221; parallax_style=&#8221;vcpb-fs-jquery&#8221; layer_image=&#8221;19168&#8243; el_class=&#8221;dt-sc-animated-interaction&#8221;][vc_column offset=&#8221;vc_col-lg-6 vc_col-md-6&#8243;][vc_row_inner][vc_column_inner width=&#8221;1\/6&#8243; css=&#8221;.vc_custom_1546679601244{padding-right: 0px !important;padding-left: 0px !important;}&#8221;][\/vc_column_inner][vc_column_inner width=&#8221;2\/3&#8243;][vc_single_image image=&#8221;20087&#8243; img_size=&#8221;full&#8221; el_class=&#8221;pentagon with-outline&#8221;]<div id=\"1549277253393-f1c43aae-094d\" class=\"dt-sc-empty-space\"><\/div>[\/vc_column_inner][vc_column_inner width=&#8221;1\/6&#8243; css=&#8221;.vc_custom_1546679605683{padding-right: 0px !important;padding-left: 0px !important;}&#8221;][\/vc_column_inner][\/vc_row_inner][\/vc_column][vc_column offset=&#8221;vc_col-lg-6 vc_col-md-6&#8243;]<div class='dt-sc-title with-right-border-decor  without-bottom-space' data-delay='0'><h2>Nossos <strong>Valores<\/strong><\/h2><p><\/p><\/div><div id=\"1696208219567-fc8fb9c4-3805\" class=\"dt-sc-empty-space\"><\/div>[vc_column_text]<\/p>\n<ul>\n<li>Acesso \u00e0 cultura como direito<\/li>\n<li>Transforma\u00e7\u00e3o social por meio da arte<\/li>\n<li>Respeito \u00e0 diversidade e \u00e0s identidades<\/li>\n<li>Afeto, escuta e acolhimento<\/li>\n<li>Educa\u00e7\u00e3o como pr\u00e1tica de liberdade<\/li>\n<li>Colabora\u00e7\u00e3o, solidariedade e cuidado com o territ\u00f3rio<\/li>\n<li>Valoriza\u00e7\u00e3o dos saberes populares\u00a0e\u00a0comunit\u00e1rios<\/li>\n<\/ul>\n<p>[\/vc_column_text]<div id=\"1546680304955-2af65b5d-becd\" class=\"dt-sc-empty-space\"><\/div>[\/vc_column][\/vc_row][vc_row full_width=&#8221;default_no_spaces&#8221; bg_type=&#8221;bg_color&#8221; bg_color_value=&#8221;#fcd123&#8243; css=&#8221;.vc_custom_1696212324614{padding-top: 50px !important;padding-bottom: 0px !important;}&#8221; el_class=&#8221;dt-sc-skin-highlight dt-sc-paper-pattern-bottom&#8221;][vc_column width=&#8221;2\/3&#8243; css=&#8221;.vc_custom_1696212350593{padding-top: 50px !important;padding-bottom: 0px !important;}&#8221;][vc_masonry_media_grid element_width=&#8221;2&#8243; initial_loading_animation=&#8221;fadeIn&#8221; grid_id=&#8221;vc_gid:1751898372912-92a2d538-6740-10&#8243; include=&#8221;19788,20018,19787,19786,19785,19784,19783,20019,19782&#8243;][\/vc_column][vc_column width=&#8221;1\/3&#8243; css=&#8221;.vc_custom_1696212358107{padding-top: 50px !important;padding-bottom: 0px !important;}&#8221;][vc_column_text]<iframe loading=\"lazy\" title=\"YouTube video player\" src=\"https:\/\/www.youtube.com\/embed\/nMQ5M1IZank?si=1vOALfCV8EXC-ZuW\" width=\"560\" height=\"315\" frameborder=\"0\" allowfullscreen=\"allowfullscreen\"><\/iframe>[\/vc_column_text][\/vc_column][\/vc_row]<\/p>\n<\/section>","protected":false},"excerpt":{"rendered":"<p>[vc_row][vc_column width=&#8221;1\/2&#8243;][vc_single_image image=&#8221;20017&#8243; img_size=&#8221;full&#8221; alignment=&#8221;center&#8221;][\/vc_column][vc_column width=&#8221;1\/2&#8243;][vc_column_text]Somos o Instituto Casa de Cultura, uma Organiza\u00e7\u00e3o da Sociedade Civil que acredita no poder transformador da arte. Somos educadores, artistas, agentes culturais e sonhadores comprometidos com a constru\u00e7\u00e3o de um mundo mais justo, criativo e humano. Nossa casa \u00e9 viva porque pulsa cultura, afeto e pertencimento. Trabalhamos todos os [&hellip;]<\/p>\n","protected":false},"author":1,"featured_media":0,"parent":0,"menu_order":0,"comment_status":"closed","ping_status":"closed","template":"","meta":{"footnotes":"","_joinchat":[]},"_links":{"self":[{"href":"https:\/\/freestudio.com.br\/home\/wp-json\/wp\/v2\/pages\/20080"}],"collection":[{"href":"https:\/\/freestudio.com.br\/home\/wp-json\/wp\/v2\/pages"}],"about":[{"href":"https:\/\/freestudio.com.br\/home\/wp-json\/wp\/v2\/types\/page"}],"author":[{"embeddable":true,"href":"https:\/\/freestudio.com.br\/home\/wp-json\/wp\/v2\/users\/1"}],"replies":[{"embeddable":true,"href":"https:\/\/freestudio.com.br\/home\/wp-json\/wp\/v2\/comments?post=20080"}],"version-history":[{"count":6,"href":"https:\/\/freestudio.com.br\/home\/wp-json\/wp\/v2\/pages\/20080\/revisions"}],"predecessor-version":[{"id":20088,"href":"https:\/\/freestudio.com.br\/home\/wp-json\/wp\/v2\/pages\/20080\/revisions\/20088"}],"wp:attachment":[{"href":"https:\/\/freestudio.com.br\/home\/wp-json\/wp\/v2\/media?parent=20080"}],"curies":[{"name":"wp","href":"https:\/\/api.w.org\/{rel}","templated":true}]}}